{"id":1058,"date":"2026-01-19T17:07:14","date_gmt":"2026-01-19T20:07:14","guid":{"rendered":"https:\/\/aprilevariedades.com.br\/?post_type=product&#038;p=1058"},"modified":"2026-02-07T16:14:19","modified_gmt":"2026-02-07T19:14:19","slug":"marcador-de-livro-flores-studio-ghibli","status":"publish","type":"product","link":"https:\/\/aprilevariedades.com.br\/?product=marcador-de-livro-flores-studio-ghibli","title":{"rendered":"Marcador de Livro Flores Studio Ghibli"},"content":{"rendered":"<p>Marcador de p\u00e1gina ideal para os leitores e amantes do Studio.<\/p>\n<p>Material resistente e n\u00e3o amassa as p\u00e1ginas.<\/p>\n","protected":false},"excerpt":{"rendered":"<div class=\"single-head\">\n<h1 class=\"single-title\">Pol\u00edtica de reembolso e devolu\u00e7\u00f5es<\/h1>\n<p>&nbsp;<\/p>\n<\/div>\n<div class=\"single-content\">\n<div class=\"single-entry-summary\">\n<p>A compra deste item \u00e9 enviado de acordo com o m\u00e9todo escolhido de envio na p\u00e1gina do pedido. Consulte o prazo de entrega e custos do frete fornecido, o prazo \u00e9 feito a partir da data de pagamento.<\/p>\n<p>Conforme a lei, caso voc\u00ea n\u00e3o esteja satisfeito ou se arrependa da compra, poder\u00e1 solicitar uma devolu\u00e7\u00e3o em at\u00e9 7 dias a partir da data de recebimento do pedido.<\/p>\n<p>Para efetuar a devolu\u00e7\u00e3o, o pedido deve estar nas mesmas condi\u00e7\u00f5es do recebimento e com todos os itens recebidos.<\/p>\n<p>Nessas condi\u00e7\u00f5es, entre em contato pelo nosso canal oficial de atendimento ( contatoaprilevariedades@gmail.com ). Enviaremos o c\u00f3digo postal dos Correios para a devolu\u00e7\u00e3o do item. Ap\u00f3s identificarmos a postagem e verificarmos as condi\u00e7\u00f5es do produto, devolveremos o valor pago.<\/p>\n<\/div>\n<\/div>\n","protected":false},"featured_media":1171,"comment_status":"open","ping_status":"closed","template":"","meta":[],"product_brand":[],"product_cat":[36],"product_tag":[],"class_list":["post-1058","product","type-product","status-publish","has-post-thumbnail","product_cat-marcador-de-pagina","first","instock","taxable","shipping-taxable","purchasable","product-type-simple"],"_links":{"self":[{"href":"https:\/\/aprilevariedades.com.br\/index.php?rest_route=\/wp\/v2\/product\/1058","targetHints":{"allow":["GET"]}}],"collection":[{"href":"https:\/\/aprilevariedades.com.br\/index.php?rest_route=\/wp\/v2\/product"}],"about":[{"href":"https:\/\/aprilevariedades.com.br\/index.php?rest_route=\/wp\/v2\/types\/product"}],"replies":[{"embeddable":true,"href":"https:\/\/aprilevariedades.com.br\/index.php?rest_route=%2Fwp%2Fv2%2Fcomments&post=1058"}],"wp:featuredmedia":[{"embeddable":true,"href":"https:\/\/aprilevariedades.com.br\/index.php?rest_route=\/wp\/v2\/media\/1171"}],"wp:attachment":[{"href":"https:\/\/aprilevariedades.com.br\/index.php?rest_route=%2Fwp%2Fv2%2Fmedia&parent=1058"}],"wp:term":[{"taxonomy":"product_brand","embeddable":true,"href":"https:\/\/aprilevariedades.com.br\/index.php?rest_route=%2Fwp%2Fv2%2Fproduct_brand&post=1058"},{"taxonomy":"product_cat","embeddable":true,"href":"https:\/\/aprilevariedades.com.br\/index.php?rest_route=%2Fwp%2Fv2%2Fproduct_cat&post=1058"},{"taxonomy":"product_tag","embeddable":true,"href":"https:\/\/aprilevariedades.com.br\/index.php?rest_route=%2Fwp%2Fv2%2Fproduct_tag&post=1058"}],"curies":[{"name":"wp","href":"https:\/\/api.w.org\/{rel}","templated":true}]}}