{"id":1045,"date":"2026-01-19T16:48:12","date_gmt":"2026-01-19T19:48:12","guid":{"rendered":"https:\/\/aprilevariedades.com.br\/?post_type=product&#038;p=1045"},"modified":"2026-02-07T16:28:24","modified_gmt":"2026-02-07T19:28:24","slug":"t-rex","status":"publish","type":"product","link":"https:\/\/aprilevariedades.com.br\/?product=t-rex","title":{"rendered":"T-Rex"},"content":{"rendered":"<div class=\"single-head\">\n<h1 class=\"single-title\">Pol\u00edtica de reembolso e devolu\u00e7\u00f5es<\/h1>\n<p>&nbsp;<\/p>\n<\/div>\n<div class=\"single-content\">\n<div class=\"single-entry-summary\">\n<p>A compra deste item \u00e9 enviado de acordo com o m\u00e9todo escolhido de envio na p\u00e1gina do pedido. Consulte o prazo de entrega e custos do frete fornecido, o prazo \u00e9 feito a partir da data de pagamento.<\/p>\n<p>Conforme a lei, caso voc\u00ea n\u00e3o esteja satisfeito ou se arrependa da compra, poder\u00e1 solicitar uma devolu\u00e7\u00e3o em at\u00e9 7 dias a partir da data de recebimento do pedido.<\/p>\n<p>Para efetuar a devolu\u00e7\u00e3o, o pedido deve estar nas mesmas condi\u00e7\u00f5es do recebimento e com todos os itens recebidos.<\/p>\n<p>Nessas condi\u00e7\u00f5es, entre em contato pelo nosso canal oficial de atendimento ( contatoaprilevariedades@gmail.com ). Enviaremos o c\u00f3digo postal dos Correios para a devolu\u00e7\u00e3o do item. Ap\u00f3s identificarmos a postagem e verificarmos as condi\u00e7\u00f5es do produto, devolveremos o valor pago.<\/p>\n<\/div>\n<\/div>\n","protected":false},"excerpt":{"rendered":"<p>Mini T-Rex para decora\u00e7\u00e3o ou brinquedo.<\/p>\n<p>Como \u00e9 articulado, \u00e9 muito bom para crian\u00e7as que est\u00e3o em desenvolvimento t\u00e1til.<\/p>\n","protected":false},"featured_media":1106,"comment_status":"open","ping_status":"closed","template":"","meta":[],"product_brand":[],"product_cat":[37],"product_tag":[],"class_list":["post-1045","product","type-product","status-publish","has-post-thumbnail","product_cat-brinquedo","first","instock","purchasable","product-type-simple"],"_links":{"self":[{"href":"https:\/\/aprilevariedades.com.br\/index.php?rest_route=\/wp\/v2\/product\/1045","targetHints":{"allow":["GET"]}}],"collection":[{"href":"https:\/\/aprilevariedades.com.br\/index.php?rest_route=\/wp\/v2\/product"}],"about":[{"href":"https:\/\/aprilevariedades.com.br\/index.php?rest_route=\/wp\/v2\/types\/product"}],"replies":[{"embeddable":true,"href":"https:\/\/aprilevariedades.com.br\/index.php?rest_route=%2Fwp%2Fv2%2Fcomments&post=1045"}],"wp:featuredmedia":[{"embeddable":true,"href":"https:\/\/aprilevariedades.com.br\/index.php?rest_route=\/wp\/v2\/media\/1106"}],"wp:attachment":[{"href":"https:\/\/aprilevariedades.com.br\/index.php?rest_route=%2Fwp%2Fv2%2Fmedia&parent=1045"}],"wp:term":[{"taxonomy":"product_brand","embeddable":true,"href":"https:\/\/aprilevariedades.com.br\/index.php?rest_route=%2Fwp%2Fv2%2Fproduct_brand&post=1045"},{"taxonomy":"product_cat","embeddable":true,"href":"https:\/\/aprilevariedades.com.br\/index.php?rest_route=%2Fwp%2Fv2%2Fproduct_cat&post=1045"},{"taxonomy":"product_tag","embeddable":true,"href":"https:\/\/aprilevariedades.com.br\/index.php?rest_route=%2Fwp%2Fv2%2Fproduct_tag&post=1045"}],"curies":[{"name":"wp","href":"https:\/\/api.w.org\/{rel}","templated":true}]}}