{"id":12,"date":"2026-02-06T01:38:21","date_gmt":"2026-02-06T04:38:21","guid":{"rendered":"http:\/\/localhost\/?page_id=12"},"modified":"2026-02-06T01:38:21","modified_gmt":"2026-02-06T04:38:21","slug":"reembolso_devolucoes","status":"publish","type":"page","link":"https:\/\/aprilevariedades.com.br\/?page_id=12","title":{"rendered":"Pol\u00edtica de reembolso e devolu\u00e7\u00f5es"},"content":{"rendered":"\n<p class=\"wp-block-paragraph\">A compra deste item \u00e9 enviado de acordo com o m\u00e9todo escolhido de envio na p\u00e1gina do pedido. Consulte o prazo de entrega e custos do frete fornecido, o prazo \u00e9 feito a partir da data de pagamento.<\/p>\n\n\n\n<p class=\"wp-block-paragraph\">Conforme a lei, caso voc\u00ea n\u00e3o esteja satisfeito ou se arrependa da compra, poder\u00e1 solicitar uma devolu\u00e7\u00e3o em at\u00e9 7 dias a partir da data de recebimento do pedido.<\/p>\n\n\n\n<p class=\"wp-block-paragraph\">Para efetuar a devolu\u00e7\u00e3o, o pedido deve estar nas mesmas condi\u00e7\u00f5es do recebimento e com todos os itens recebidos.<\/p>\n\n\n\n<p class=\"wp-block-paragraph\">Nessas condi\u00e7\u00f5es, entre em contato pelo nosso canal oficial de atendimento ( contatoaprilevariedades@gmail.com ). Enviaremos o c\u00f3digo postal dos Correios para a devolu\u00e7\u00e3o do item. Ap\u00f3s identificarmos a postagem e verificarmos as condi\u00e7\u00f5es do produto, devolveremos o valor pago.<\/p>\n","protected":false},"excerpt":{"rendered":"<p>A compra deste item \u00e9 enviado de acordo com o m\u00e9todo escolhido de envio na p\u00e1gina do pedido. Consulte o prazo de entrega e custos do frete fornecido, o prazo \u00e9 feito a partir da data de pagamento. Conforme a lei, caso voc\u00ea n\u00e3o esteja satisfeito ou se arrependa da compra, poder\u00e1 solicitar uma devolu\u00e7\u00e3o&hellip;<\/p>\n","protected":false},"author":1,"featured_media":0,"parent":0,"menu_order":0,"comment_status":"closed","ping_status":"closed","template":"","meta":{"footnotes":""},"class_list":["post-12","page","type-page","status-publish","hentry"],"_links":{"self":[{"href":"https:\/\/aprilevariedades.com.br\/index.php?rest_route=\/wp\/v2\/pages\/12","targetHints":{"allow":["GET"]}}],"collection":[{"href":"https:\/\/aprilevariedades.com.br\/index.php?rest_route=\/wp\/v2\/pages"}],"about":[{"href":"https:\/\/aprilevariedades.com.br\/index.php?rest_route=\/wp\/v2\/types\/page"}],"author":[{"embeddable":true,"href":"https:\/\/aprilevariedades.com.br\/index.php?rest_route=\/wp\/v2\/users\/1"}],"replies":[{"embeddable":true,"href":"https:\/\/aprilevariedades.com.br\/index.php?rest_route=%2Fwp%2Fv2%2Fcomments&post=12"}],"version-history":[{"count":1,"href":"https:\/\/aprilevariedades.com.br\/index.php?rest_route=\/wp\/v2\/pages\/12\/revisions"}],"predecessor-version":[{"id":1195,"href":"https:\/\/aprilevariedades.com.br\/index.php?rest_route=\/wp\/v2\/pages\/12\/revisions\/1195"}],"wp:attachment":[{"href":"https:\/\/aprilevariedades.com.br\/index.php?rest_route=%2Fwp%2Fv2%2Fmedia&parent=12"}],"curies":[{"name":"wp","href":"https:\/\/api.w.org\/{rel}","templated":true}]}}